{"id":154,"date":"2021-05-18T01:55:11","date_gmt":"2021-05-18T01:55:11","guid":{"rendered":"http:\/\/sebastianmoro.com\/?page_id=154"},"modified":"2022-04-22T21:25:08","modified_gmt":"2022-04-22T21:25:08","slug":"activities","status":"publish","type":"page","link":"https:\/\/sebastianmoro.com\/?page_id=154","title":{"rendered":"Actividades"},"content":{"rendered":"\t\t<div data-elementor-type=\"wp-page\" data-elementor-id=\"154\" class=\"elementor elementor-154\">\n\t\t\t\t\t\t<section class=\"elementor-section elementor-top-section elementor-element elementor-element-ee0d693 elementor-section-boxed elementor-section-height-default elementor-section-height-default\" data-id=\"ee0d693\" data-element_type=\"section\" data-settings=\"{&quot;background_background&quot;:&quot;classic&quot;}\">\n\t\t\t\t\t\t<div class=\"elementor-container elementor-column-gap-no\">\n\t\t\t\t\t<div class=\"elementor-column elementor-col-100 elementor-top-column elementor-element elementor-element-c410692\" data-id=\"c410692\" data-element_type=\"column\">\n\t\t\t<div class=\"elementor-widget-wrap elementor-element-populated\">\n\t\t\t\t\t\t<div class=\"elementor-element elementor-element-193d006 elementor-widget elementor-widget-heading\" data-id=\"193d006\" data-element_type=\"widget\" data-widget_type=\"heading.default\">\n\t\t\t\t<div class=\"elementor-widget-container\">\n\t\t\t<style>\/*! elementor - v3.22.0 - 17-06-2024 *\/\n.elementor-heading-title{padding:0;margin:0;line-height:1}.elementor-widget-heading .elementor-heading-title[class*=elementor-size-]>a{color:inherit;font-size:inherit;line-height:inherit}.elementor-widget-heading .elementor-heading-title.elementor-size-small{font-size:15px}.elementor-widget-heading .elementor-heading-title.elementor-size-medium{font-size:19px}.elementor-widget-heading .elementor-heading-title.elementor-size-large{font-size:29px}.elementor-widget-heading .elementor-heading-title.elementor-size-xl{font-size:39px}.elementor-widget-heading .elementor-heading-title.elementor-size-xxl{font-size:59px}<\/style><h1 class=\"elementor-heading-title elementor-size-default\">Cursos, Conferencias, Actividades<\/h1>\t\t<\/div>\n\t\t\t\t<\/div>\n\t\t\t\t\t<\/div>\n\t\t<\/div>\n\t\t\t\t\t<\/div>\n\t\t<\/section>\n\t\t\t\t<section class=\"elementor-section elementor-top-section elementor-element elementor-element-21208f9 elementor-section-boxed elementor-section-height-default elementor-section-height-default\" data-id=\"21208f9\" data-element_type=\"section\">\n\t\t\t\t\t\t<div class=\"elementor-container elementor-column-gap-no\">\n\t\t\t\t\t<div class=\"elementor-column elementor-col-100 elementor-top-column elementor-element elementor-element-1b47a90\" data-id=\"1b47a90\" data-element_type=\"column\">\n\t\t\t<div class=\"elementor-widget-wrap elementor-element-populated\">\n\t\t\t\t\t\t<div class=\"elementor-element elementor-element-0d77d78 elementor-widget elementor-widget-text-editor\" data-id=\"0d77d78\" data-element_type=\"widget\" data-widget_type=\"text-editor.default\">\n\t\t\t\t<div class=\"elementor-widget-container\">\n\t\t\t<style>\/*! elementor - v3.22.0 - 17-06-2024 *\/\n.elementor-widget-text-editor.elementor-drop-cap-view-stacked .elementor-drop-cap{background-color:#69727d;color:#fff}.elementor-widget-text-editor.elementor-drop-cap-view-framed .elementor-drop-cap{color:#69727d;border:3px solid;background-color:transparent}.elementor-widget-text-editor:not(.elementor-drop-cap-view-default) .elementor-drop-cap{margin-top:8px}.elementor-widget-text-editor:not(.elementor-drop-cap-view-default) .elementor-drop-cap-letter{width:1em;height:1em}.elementor-widget-text-editor .elementor-drop-cap{float:left;text-align:center;line-height:1;font-size:50px}.elementor-widget-text-editor .elementor-drop-cap-letter{display:inline-block}<\/style>\t\t\t\t<h4><strong>Cursos impartidos y participaci\u00f3n como ponente en conferencias<\/strong><\/h4><p><strong>Cursos:<\/strong><\/p><ul><li>Profesor de las asignaturas: \u201cFilosof\u00eda Medieval\u201d y \u201cEst\u00e9tica Antigua y Medieval\u201d, Universidad Pompeu Fabra, Barcelona. 2021-2022<\/li><li>Profesor de la asignatura \u201cRet\u00f3rica y Estil\u00edstica\u201d en el M\u00e1ster en Periodismo Literario, Comunicaci\u00f3n y Humanidades, Universidad Aut\u00f3noma de Barcelona (UAB). 2020-2021<\/li><li>Curso \u201cLa Traves\u00eda del H\u00e9roe, un an\u00e1lisis de los mitos del viaje\u201d, en colaboraci\u00f3n con Antoni Amaro realizando un estudio y an\u00e1lisis del mito del viaje del h\u00e9roe desde la conexi\u00f3n entre la psicolog\u00eda, la filosof\u00eda, la mitolog\u00eda, la m\u00fasica, la literatura, y las artes visuales incluyendo sus manifestaciones cinematogr\u00e1ficas, Noviembre 2021-Febrero 2022.<\/li><li>Curso \u201cArquetipo, mito y s\u00edmbolo en la pintura y en la m\u00fasica\u201d, en colaboraci\u00f3n con Antoni Amaro sobre la relaci\u00f3n entre la mitolog\u00eda, la m\u00fasica y las artes visuales analizando el tema de los arquetipos de manera filos\u00f3fica y psicol\u00f3gica Barcelona, Marzo-Abril 2021<\/li><li>Curso: \u201cLa armon\u00eda de las esferas\u201d, sobre la relaci\u00f3n entre la m\u00fasica y la filosof\u00eda desde la Antig\u00fcedad hasta nuestros d\u00edas, en la Academia de la Librer\u00eda La Central, Barcelona, 2019<\/li><li>2019: Curso para estudiantes de doctorado: \u201cRomanticismo: M\u00fasica y Filosof\u00eda\u201d, en el Departamento de Humanidades de la Universidad Pompeu Fabra, Barcelona<\/li><li>2007-2009: \u201cIntroducci\u00f3n a la Filosof\u00eda Antigua\u201d (seminarios: clases pr\u00e1cticas) en el Departamento de Estudios Cl\u00e1sicos de Royal Holloway, Universidad de Londres.<\/li><li>2004-2005: \u201cLat\u00edn b\u00e1sico\u201d (clases te\u00f3ricas y pr\u00e1cticas) (Department of Classics, Royal Holloway, Universidad de Londres.<\/li><\/ul><p><strong>Conferencias: <\/strong><\/p><ul><li>(2021) \u201cLa M\u00fasica y lo Inefable en el Neoplatonismo y en el Romanticismo\u201d, conferencia en el marco la asignatura \u201cLing\u00fc\u00edstica\u201d, organizado por el Prof. Josep Mar\u00eda Castell\u00e0 Lidon, Universidad Pompeu Fabra, Barcelona.<\/li><li>(2019) \u201cEl significado metaf\u00edsico de la escala musical del <em>Timeo <\/em>de Plat\u00f3n en Proclo\u201d conferencia impartida en el marco de la asignatura \u201cEst\u00e8tica Antiga i Medieval\u201d del profesor Pablo Acosta, Universidad Pompeu Fabra, Barcelona.<\/li><li>(2018) \u201cLa m\u00fasica como logos y harmon\u00eda\u201d, Galer\u00eda de Arte: \u201cBegemot Art &amp; Fashion\u201d, Barcelona.<\/li><li>(2017) \u201cRilke y la M\u00fasica\u201d en el marco del curso \u201cPoesia y metaf\u00edsica: Las Eleg\u00edas de Duino de R. M. Rilke\u201d, del profesor Amador Vega, Universidad Pompeu Fabra, Barcelona.<\/li><li>(2015) \u201cThe Poetics of mysticism in Neoplatonism and its reception\u201d Ponencia presentada en el VI Congreso Mundial de Metaf\u00edsica, Universidad Pontificia de Salamanca.<\/li><li>(2014) \u201cLyra and aulos in the Neoplatonic allegorical interpretation of myths\u201d, Ponencia presentada en MOISA VII international meeting and conference 2014, Universidad de Urbino, Carlo Bo, Italia.<\/li><li>(2012) \u201cMusical aesthetics and the transformation of the soul in Neoplatonism\u201d. Ponencia presentada en el Seminario Internacional \u201cFilosofia e Arte nella Tarda Antichit\u00e0\u201d de la Universidad de Catania, Sicilia, Italia.<\/li><li>(2011) \u201cLa filosof\u00eda de la m\u00fasica en la Antig\u00fcedad tard\u00eda y su influencia posterior\u201d. Conferencia en el Seminario Departamental del Departamento de Filosof\u00eda, Universidad de Oviedo, Espa\u00f1a.<\/li><li>(2011) \u201cEl poder de la m\u00fasica como terapia en la Antig\u00fcedad\u201d. Conferencia en el centro de m\u00fasico- terapia \u201cCrescendo\u201d, en Oviedo, Espa\u00f1a.<\/li><li>(2011) \u201cOrality, logos and voice. The expression of the ineffable in the symbolic tradition of Neoplatonism.\u201d Prometheus Trust Conference, Soul to Soul, Orality in the Platonic tradition: Warminster, Wiltshire, Inglaterra.<\/li><li>(2009) \u201cMusic and the return of the soul in Proclus\u2019 Commentary on the Republic of Plato\u201d, Prometheus Trust Conference, Philosophers, Musicians, Lovers: Warminster, Wiltshire, Inglaterra.<\/li><li>(2008) \u201cMusic and the return of the soul in Proclus\u2019 Commentary on the Republic\u201d, Ancient Philosophy Seminar, The Reception of Plato\u2019s Republic, Institute of Classical Studies, University of London.<\/li><li>(2007) \u201cThe place of music in Proclus\u2019 philosophical system\u201d, 3rd London Ancient Science Conference, University College London.<\/li><\/ul>\t\t\t\t\t\t<\/div>\n\t\t\t\t<\/div>\n\t\t\t\t\t<\/div>\n\t\t<\/div>\n\t\t\t\t\t<\/div>\n\t\t<\/section>\n\t\t\t\t<\/div>\n\t\t","protected":false},"excerpt":{"rendered":"<p>Cursos, Conferencias, Actividades Cursos impartidos y participaci\u00f3n como ponente en conferencias Cursos: Profesor de las asignaturas: \u201cFilosof\u00eda Medieval\u201d y \u201cEst\u00e9tica Antigua y Medieval\u201d, Universidad Pompeu Fabra, Barcelona. 2021-2022 Profesor de la asignatura \u201cRet\u00f3rica y Estil\u00edstica\u201d en el M\u00e1ster en Periodismo Literario, Comunicaci\u00f3n y Humanidades, Universidad Aut\u00f3noma de Barcelona (UAB). 2020-2021 Curso \u201cLa Traves\u00eda del H\u00e9roe, [&hellip;]<\/p>\n","protected":false},"author":1,"featured_media":0,"parent":0,"menu_order":0,"comment_status":"closed","ping_status":"closed","template":"","meta":{"om_disable_all_campaigns":false,"_monsterinsights_skip_tracking":false,"_monsterinsights_sitenote_active":false,"_monsterinsights_sitenote_note":"","_monsterinsights_sitenote_category":0,"site-sidebar-layout":"no-sidebar","site-content-layout":"page-builder","ast-site-content-layout":"default","site-content-style":"default","site-sidebar-style":"default","ast-global-header-display":"","ast-banner-title-visibility":"","ast-main-header-display":"","ast-hfb-above-header-display":"","ast-hfb-below-header-display":"","ast-hfb-mobile-header-display":"","site-post-title":"disabled","ast-breadcrumbs-content":"disabled","ast-featured-img":"disabled","footer-sml-layout":"","ast-disable-related-posts":"","theme-transparent-header-meta":"default","adv-header-id-meta":"","stick-header-meta":"","header-above-stick-meta":"","header-main-stick-meta":"","header-below-stick-meta":"","astra-migrate-meta-layouts":"default","ast-page-background-enabled":"default","ast-page-background-meta":{"desktop":{"background-color":"","background-image":"","background-repeat":"repeat","background-position":"center center","background-size":"auto","background-attachment":"scroll","background-type":"","background-media":"","overlay-type":"","overlay-color":"","overlay-opacity":"","overlay-gradient":""},"tablet":{"background-color":"","background-image":"","background-repeat":"repeat","background-position":"center center","background-size":"auto","background-attachment":"scroll","background-type":"","background-media":"","overlay-type":"","overlay-color":"","overlay-opacity":"","overlay-gradient":""},"mobile":{"background-color":"","background-image":"","background-repeat":"repeat","background-position":"center center","background-size":"auto","background-attachment":"scroll","background-type":"","background-media":"","overlay-type":"","overlay-color":"","overlay-opacity":"","overlay-gradient":""}},"ast-content-background-meta":{"desktop":{"background-color":"var(--ast-global-color-5)","background-image":"","background-repeat":"repeat","background-position":"center center","background-size":"auto","background-attachment":"scroll","background-type":"","background-media":"","overlay-type":"","overlay-color":"","overlay-opacity":"","overlay-gradient":""},"tablet":{"background-color":"var(--ast-global-color-5)","background-image":"","background-repeat":"repeat","background-position":"center center","background-size":"auto","background-attachment":"scroll","background-type":"","background-media":"","overlay-type":"","overlay-color":"","overlay-opacity":"","overlay-gradient":""},"mobile":{"background-color":"var(--ast-global-color-5)","background-image":"","background-repeat":"repeat","background-position":"center center","background-size":"auto","background-attachment":"scroll","background-type":"","background-media":"","overlay-type":"","overlay-color":"","overlay-opacity":"","overlay-gradient":""}},"footnotes":""},"_links":{"self":[{"href":"https:\/\/sebastianmoro.com\/index.php?rest_route=\/wp\/v2\/pages\/154"}],"collection":[{"href":"https:\/\/sebastianmoro.com\/index.php?rest_route=\/wp\/v2\/pages"}],"about":[{"href":"https:\/\/sebastianmoro.com\/index.php?rest_route=\/wp\/v2\/types\/page"}],"author":[{"embeddable":true,"href":"https:\/\/sebastianmoro.com\/index.php?rest_route=\/wp\/v2\/users\/1"}],"replies":[{"embeddable":true,"href":"https:\/\/sebastianmoro.com\/index.php?rest_route=%2Fwp%2Fv2%2Fcomments&post=154"}],"version-history":[{"count":10,"href":"https:\/\/sebastianmoro.com\/index.php?rest_route=\/wp\/v2\/pages\/154\/revisions"}],"predecessor-version":[{"id":891,"href":"https:\/\/sebastianmoro.com\/index.php?rest_route=\/wp\/v2\/pages\/154\/revisions\/891"}],"wp:attachment":[{"href":"https:\/\/sebastianmoro.com\/index.php?rest_route=%2Fwp%2Fv2%2Fmedia&parent=154"}],"curies":[{"name":"wp","href":"https:\/\/api.w.org\/{rel}","templated":true}]}}